{"id":2222,"date":"2023-11-13T11:14:57","date_gmt":"2023-11-13T10:14:57","guid":{"rendered":"http:\/\/81.170.152.112\/virawp\/?page_id=2222"},"modified":"2023-11-13T15:50:24","modified_gmt":"2023-11-13T14:50:24","slug":"vira-sm-2023","status":"publish","type":"page","link":"http:\/\/81.170.152.112\/virawp\/?page_id=2222","title":{"rendered":"Vira SM 2023"},"content":{"rendered":"\n<p>Stockholms Wiras\u00e4llskap arrangerade SM i vira 2023.<\/p>\n\n\n\n<figure class=\"wp-block-image size-large\"><img loading=\"lazy\" decoding=\"async\" width=\"1024\" height=\"576\" src=\"http:\/\/81.170.152.112\/virawp\/wp-content\/uploads\/2023\/11\/sm2023-1024x576.jpg\" alt=\"\" class=\"wp-image-2230\" srcset=\"http:\/\/81.170.152.112\/virawp\/wp-content\/uploads\/2023\/11\/sm2023-1024x576.jpg 1024w, http:\/\/81.170.152.112\/virawp\/wp-content\/uploads\/2023\/11\/sm2023-300x169.jpg 300w, http:\/\/81.170.152.112\/virawp\/wp-content\/uploads\/2023\/11\/sm2023-768x432.jpg 768w, http:\/\/81.170.152.112\/virawp\/wp-content\/uploads\/2023\/11\/sm2023-1200x675.jpg 1200w, http:\/\/81.170.152.112\/virawp\/wp-content\/uploads\/2023\/11\/sm2023.jpg 1440w\" sizes=\"auto, (max-width: 1024px) 100vw, 1024px\" \/><\/figure>\n\n\n\n<p><\/p>\n\n\n\n<figure class=\"wp-block-table\"><table><tbody><tr><td>Christer Sohlberg<\/td><td>46,50<\/td><\/tr><tr><td>Lars Johansson<\/td><td>38,00<\/td><\/tr><tr><td>Lars Nielsen<\/td><td>36,50<\/td><\/tr><tr><td>Janne Westlund<\/td><td>22,50<\/td><\/tr><\/tbody><\/table><figcaption>Finalbordet<\/figcaption><\/figure>\n\n\n\n<p>Se vidare <a href=\"http:\/\/www.brusdata.se\/Vira\/TextBildT2.php?id=0000005&amp;idscr=news&amp;idpdf=dummy\">Stocholms Wiras\u00e4llskaps redog\u00f6relse<\/a> f\u00f6r alla resultat.<\/p>\n","protected":false},"excerpt":{"rendered":"<p>Stockholms Wiras\u00e4llskap arrangerade SM i vira 2023. Christer Sohlberg 46,50 Lars Johansson 38,00 Lars Nielsen 36,50 Janne Westlund 22,50 Finalbordet Se vidare Stocholms Wiras\u00e4llskaps redog\u00f6relse f\u00f6r alla resultat.<\/p>\n","protected":false},"author":6,"featured_media":0,"parent":273,"menu_order":0,"comment_status":"closed","ping_status":"closed","template":"","meta":{"_lmt_disableupdate":"no","_lmt_disable":"","footnotes":""},"class_list":["post-2222","page","type-page","status-publish","hentry"],"_links":{"self":[{"href":"http:\/\/81.170.152.112\/virawp\/index.php?rest_route=\/wp\/v2\/pages\/2222","targetHints":{"allow":["GET"]}}],"collection":[{"href":"http:\/\/81.170.152.112\/virawp\/index.php?rest_route=\/wp\/v2\/pages"}],"about":[{"href":"http:\/\/81.170.152.112\/virawp\/index.php?rest_route=\/wp\/v2\/types\/page"}],"author":[{"embeddable":true,"href":"http:\/\/81.170.152.112\/virawp\/index.php?rest_route=\/wp\/v2\/users\/6"}],"replies":[{"embeddable":true,"href":"http:\/\/81.170.152.112\/virawp\/index.php?rest_route=%2Fwp%2Fv2%2Fcomments&post=2222"}],"version-history":[{"count":4,"href":"http:\/\/81.170.152.112\/virawp\/index.php?rest_route=\/wp\/v2\/pages\/2222\/revisions"}],"predecessor-version":[{"id":2231,"href":"http:\/\/81.170.152.112\/virawp\/index.php?rest_route=\/wp\/v2\/pages\/2222\/revisions\/2231"}],"up":[{"embeddable":true,"href":"http:\/\/81.170.152.112\/virawp\/index.php?rest_route=\/wp\/v2\/pages\/273"}],"wp:attachment":[{"href":"http:\/\/81.170.152.112\/virawp\/index.php?rest_route=%2Fwp%2Fv2%2Fmedia&parent=2222"}],"curies":[{"name":"wp","href":"https:\/\/api.w.org\/{rel}","templated":true}]}}