{"id":2447,"date":"2024-10-01T11:37:14","date_gmt":"2024-10-01T09:37:14","guid":{"rendered":"http:\/\/81.170.152.112\/virawp\/?page_id=2447"},"modified":"2025-11-07T16:10:28","modified_gmt":"2025-11-07T15:10:28","slug":"km-for-lvs","status":"publish","type":"page","link":"http:\/\/81.170.152.112\/virawp\/?page_id=2447","title":{"rendered":"KM f\u00f6r LVS"},"content":{"rendered":"\n<p>2025 spelades KM 4\/11 efter att flera av deltagarna tr\u00e4nat under SM 1-2\/11.<\/p>\n\n\n\n<p>6 medlemmar gjorde upp om titeln, de f\u00f6rsta 3 platserna belades av:<\/p>\n\n\n\n<p>1. P\u00e4r Kvist +39<br>2. Ulf Strann\u00e5+34<br>3. Lars Johansson+34<\/p>\n\n\n\n<p>H\u00f6gsta bud var ett 8 spel i of\u00e4rg av Lars Johansson.<br>N\u00e4mnas kan ocks\u00e5 en hemspelad omturnerad turne 8.<\/p>\n\n\n\n<figure class=\"wp-block-image size-large\"><img loading=\"lazy\" decoding=\"async\" width=\"1024\" height=\"768\" src=\"http:\/\/81.170.152.112\/virawp\/wp-content\/uploads\/2025\/11\/image003-1024x768.jpg\" alt=\"\" class=\"wp-image-3096\" srcset=\"http:\/\/81.170.152.112\/virawp\/wp-content\/uploads\/2025\/11\/image003-1024x768.jpg 1024w, http:\/\/81.170.152.112\/virawp\/wp-content\/uploads\/2025\/11\/image003-300x225.jpg 300w, http:\/\/81.170.152.112\/virawp\/wp-content\/uploads\/2025\/11\/image003-768x576.jpg 768w, http:\/\/81.170.152.112\/virawp\/wp-content\/uploads\/2025\/11\/image003-1536x1152.jpg 1536w, http:\/\/81.170.152.112\/virawp\/wp-content\/uploads\/2025\/11\/image003-1200x900.jpg 1200w, http:\/\/81.170.152.112\/virawp\/wp-content\/uploads\/2025\/11\/image003-1980x1485.jpg 1980w, http:\/\/81.170.152.112\/virawp\/wp-content\/uploads\/2025\/11\/image003.jpg 2016w\" sizes=\"auto, (max-width: 1024px) 100vw, 1024px\" \/><\/figure>\n\n\n\n<hr class=\"wp-block-separator has-alpha-channel-opacity\"\/>\n\n\n\n<p> KM f\u00f6r Link\u00f6pings Viras\u00e4llskap anordnades f\u00f6rsta g\u00e5ngen 28\/9 2024 i Filbyter Bridge:s lokaler.<\/p>\n\n\n\n<p>6 personer hade en trevlig l\u00f6rdag d\u00e5 de gjorde upp om titeln under 10 ronder \u00e1 3 givar. F\u00f6reningen bj\u00f6d samtliga deltagare p\u00e5 lunch f\u00f6r att fira den historiska tilldragelsen. Segraren tilldelades en plakett f\u00f6r att kunna komma ih\u00e5g dagen!<\/p>\n\n\n\n<p>De f\u00f6rsta 3 platserna belades av :<br>1: Klaus Claassen<br>2: Lars E Johansson<br>3: P\u00e4r Kvist<\/p>\n\n\n\n<p>H\u00f6gsta bud under dagen var Solo 8 av Ulf Strann\u00e5.<\/p>\n\n\n<div class=\"wp-block-image\">\n<figure class=\"aligncenter size-large\"><img loading=\"lazy\" decoding=\"async\" width=\"1024\" height=\"484\" src=\"http:\/\/81.170.152.112\/virawp\/wp-content\/uploads\/2024\/10\/KM24_alla-1024x484.png\" alt=\"\" class=\"wp-image-2451\" srcset=\"http:\/\/81.170.152.112\/virawp\/wp-content\/uploads\/2024\/10\/KM24_alla-1024x484.png 1024w, http:\/\/81.170.152.112\/virawp\/wp-content\/uploads\/2024\/10\/KM24_alla-300x142.png 300w, http:\/\/81.170.152.112\/virawp\/wp-content\/uploads\/2024\/10\/KM24_alla-768x363.png 768w, http:\/\/81.170.152.112\/virawp\/wp-content\/uploads\/2024\/10\/KM24_alla-1536x726.png 1536w\" sizes=\"auto, (max-width: 1024px) 100vw, 1024px\" \/><figcaption class=\"wp-element-caption\">Prispallen<\/figcaption><\/figure><\/div>\n\n<div class=\"wp-block-image is-resized\">\n<figure class=\"alignright size-large\"><img loading=\"lazy\" decoding=\"async\" width=\"945\" height=\"1024\" src=\"http:\/\/81.170.152.112\/virawp\/wp-content\/uploads\/2024\/10\/KM24_vinnare-945x1024.jpg\" alt=\"\" class=\"wp-image-2455\" srcset=\"http:\/\/81.170.152.112\/virawp\/wp-content\/uploads\/2024\/10\/KM24_vinnare-945x1024.jpg 945w, http:\/\/81.170.152.112\/virawp\/wp-content\/uploads\/2024\/10\/KM24_vinnare-277x300.jpg 277w, http:\/\/81.170.152.112\/virawp\/wp-content\/uploads\/2024\/10\/KM24_vinnare-768x832.jpg 768w, http:\/\/81.170.152.112\/virawp\/wp-content\/uploads\/2024\/10\/KM24_vinnare.jpg 1083w\" sizes=\"auto, (max-width: 945px) 100vw, 945px\" \/><figcaption class=\"wp-element-caption\">Segrare<\/figcaption><\/figure><\/div>\n\n\n<figure class=\"wp-block-image size-large is-resized\"><img loading=\"lazy\" decoding=\"async\" width=\"164\" height=\"257\" src=\"http:\/\/81.170.152.112\/virawp\/wp-content\/uploads\/2024\/10\/KM24_plakett.png\" alt=\"\" class=\"wp-image-2456\" style=\"width:257px;height:403px\"\/><\/figure>\n","protected":false},"excerpt":{"rendered":"<p>2025 spelades KM 4\/11 efter att flera av deltagarna tr\u00e4nat under SM 1-2\/11. 6 medlemmar gjorde upp om titeln, de f\u00f6rsta 3 platserna belades av: 1. P\u00e4r Kvist +392. Ulf [&hellip;]<\/p>\n","protected":false},"author":6,"featured_media":0,"parent":273,"menu_order":0,"comment_status":"closed","ping_status":"closed","template":"","meta":{"_lmt_disableupdate":"no","_lmt_disable":"","footnotes":""},"class_list":["post-2447","page","type-page","status-publish","hentry"],"_links":{"self":[{"href":"http:\/\/81.170.152.112\/virawp\/index.php?rest_route=\/wp\/v2\/pages\/2447","targetHints":{"allow":["GET"]}}],"collection":[{"href":"http:\/\/81.170.152.112\/virawp\/index.php?rest_route=\/wp\/v2\/pages"}],"about":[{"href":"http:\/\/81.170.152.112\/virawp\/index.php?rest_route=\/wp\/v2\/types\/page"}],"author":[{"embeddable":true,"href":"http:\/\/81.170.152.112\/virawp\/index.php?rest_route=\/wp\/v2\/users\/6"}],"replies":[{"embeddable":true,"href":"http:\/\/81.170.152.112\/virawp\/index.php?rest_route=%2Fwp%2Fv2%2Fcomments&post=2447"}],"version-history":[{"count":10,"href":"http:\/\/81.170.152.112\/virawp\/index.php?rest_route=\/wp\/v2\/pages\/2447\/revisions"}],"predecessor-version":[{"id":3118,"href":"http:\/\/81.170.152.112\/virawp\/index.php?rest_route=\/wp\/v2\/pages\/2447\/revisions\/3118"}],"up":[{"embeddable":true,"href":"http:\/\/81.170.152.112\/virawp\/index.php?rest_route=\/wp\/v2\/pages\/273"}],"wp:attachment":[{"href":"http:\/\/81.170.152.112\/virawp\/index.php?rest_route=%2Fwp%2Fv2%2Fmedia&parent=2447"}],"curies":[{"name":"wp","href":"https:\/\/api.w.org\/{rel}","templated":true}]}}