{"id":2628,"date":"2025-03-06T11:09:59","date_gmt":"2025-03-06T10:09:59","guid":{"rendered":"http:\/\/81.170.152.112\/virawp\/?page_id=2628"},"modified":"2026-04-23T13:59:12","modified_gmt":"2026-04-23T11:59:12","slug":"v3","status":"publish","type":"page","link":"http:\/\/81.170.152.112\/virawp\/?page_id=2628","title":{"rendered":"V3"},"content":{"rendered":"\n<p class=\"has-text-align-center\"><strong>V\u00e5rViraVinnare<\/strong> <\/p>\n\n\n\n<p>V\u00e5rViraVinnare \u00e4r v\u00e5r spelserie under v\u00e5ren som tilldrar sig i Filbyter bridges lokaler p\u00e5 Danmarksgatan.<br>Ibland kombineras dessa kv\u00e4llar med introduktion f\u00f6r nya viraspelare.<\/p>\n\n\n\n<p>L\u00e4ngre ner finner ni rapporteringen fr\u00e5n 2025<\/p>\n\n\n\n<hr class=\"wp-block-separator has-alpha-channel-opacity\"\/>\n\n\n\n<p class=\"has-text-align-center\"><strong>2026<\/strong><\/p>\n\n\n\n<p>Regelverket f\u00f6r 2026 s\u00e4ger:<br>&#8211; Max 8 av 10 m\u00f6jliga resultat r\u00e4knas per spelare<br>&#8211; Utdelade po\u00e4ng : 1\/deltagare f\u00f6rdelat p\u00e5 pos 1-3 (ev. delningar), 50%+ till f\u00f6rsta plats. Vid 9 deltagare eller fler utdelas po\u00e4ng \u00e4ven till 4e plats.<\/p>\n\n\n\n<figure class=\"wp-block-table alignwide\"><table class=\"has-fixed-layout\"><tbody><tr><td><\/td><td>Hannes<\/td><td>Klaus<\/td><td>Lars J<\/td><td>P\u00e4r<\/td><td>Lars N<\/td><td>Jolon<\/td><td>Ulf<\/td><td>Per<\/td><td>Anita<\/td><td>Daniel<\/td><\/tr><tr><td>Po\u00e4ng<\/td><td>5,5<\/td><td>4<\/td><td>11<\/td><td>1,5<\/td><td>9,5<\/td><td>7,5<\/td><td>2<\/td><td>3<\/td><td>8<\/td><td><\/td><\/tr><tr><td>20260113<\/td><td>2<\/td><td><\/td><td>x<\/td><td><\/td><td>3<br>Solo Petite Mis\u00e4r<\/td><td><\/td><td>x<\/td><td>x<\/td><td>1<\/td><td><\/td><\/tr><tr><td>20260120<\/td><td>x<\/td><td>1,5<\/td><td>4<\/td><td><\/td><td>x<\/td><td>2,5<\/td><td>x<br>Tringel 9 Hf<\/td><td>x<\/td><td>x<\/td><td><\/td><\/tr><tr><td>20260217<\/td><td>3<\/td><td><\/td><td>2<\/td><td>0,5<br>Vira of<\/td><td><\/td><td>x<\/td><td>0,5<\/td><td><\/td><td>x<\/td><td><\/td><\/tr><tr><td>20260303<\/td><td>0,5<\/td><td>2,5<\/td><td>x<\/td><td>x<\/td><td>x<\/td><td>4,5<\/td><td>1,5<br>Solo petit miss\u00e4r ouverte<\/td><td>x<\/td><td><\/td><td>x<\/td><\/tr><tr><td>20260317<\/td><td>x<\/td><td><\/td><td>2<\/td><td>1<br>Vira of<\/td><td><\/td><td><\/td><td>x<\/td><td>3<\/td><td><\/td><td>x<\/td><\/tr><tr><td>20230407<\/td><td>x<\/td><td><\/td><td>1,5<\/td><td>x<\/td><td>4<\/td><td>x<\/td><td>x<br>K\u00f6pmiss\u00e4r p\u00e5 5<\/td><td>x<\/td><td>2,5<\/td><td><\/td><\/tr><tr><td>20230421<\/td><td>x<\/td><td>x<\/td><td>1,5<\/td><td>x<\/td><td>2,5<br>Solo 9 of<\/td><td>0,5<\/td><td>x<\/td><td>x<\/td><td>4,5<\/td><td><\/td><\/tr><tr><td><\/td><td><\/td><td><\/td><td><\/td><td><\/td><td><\/td><td><\/td><td><\/td><td><\/td><td><\/td><td><\/td><\/tr><\/tbody><\/table><\/figure>\n\n\n\n<p><br><\/p>\n\n\n\n<hr class=\"wp-block-separator has-alpha-channel-opacity\"\/>\n\n\n\n<p class=\"has-text-align-center\"><strong>2025<\/strong><\/p>\n\n\n\n<p>Grattis Lars Nielsen till segern i V3 2025!<br>2:a plats Uls Strann\u00e5, 3:e plats Klaus Classeen.<\/p>\n\n\n\n<figure class=\"wp-block-image\"><img loading=\"lazy\" decoding=\"async\" width=\"675\" height=\"1024\" src=\"http:\/\/81.170.152.112\/virawp\/wp-content\/uploads\/2025\/06\/V325_segrare-675x1024.jpg\" alt=\"\" class=\"wp-image-2837\" srcset=\"http:\/\/81.170.152.112\/virawp\/wp-content\/uploads\/2025\/06\/V325_segrare-675x1024.jpg 675w, http:\/\/81.170.152.112\/virawp\/wp-content\/uploads\/2025\/06\/V325_segrare-198x300.jpg 198w, http:\/\/81.170.152.112\/virawp\/wp-content\/uploads\/2025\/06\/V325_segrare-768x1166.jpg 768w, http:\/\/81.170.152.112\/virawp\/wp-content\/uploads\/2025\/06\/V325_segrare-1012x1536.jpg 1012w, http:\/\/81.170.152.112\/virawp\/wp-content\/uploads\/2025\/06\/V325_segrare-1349x2048.jpg 1349w, http:\/\/81.170.152.112\/virawp\/wp-content\/uploads\/2025\/06\/V325_segrare-1200x1821.jpg 1200w, http:\/\/81.170.152.112\/virawp\/wp-content\/uploads\/2025\/06\/V325_segrare-scaled.jpg 1687w\" sizes=\"auto, (max-width: 675px) 100vw, 675px\" \/><figcaption class=\"wp-element-caption\">Stolt segrare med VinstVas och bukett!<\/figcaption><\/figure>\n\n\n\n<p>Resultat 2025<\/p>\n\n\n\n<figure class=\"wp-block-table\"><table><tbody><tr><td><\/td><td>Klaus<\/td><td>Jolon<\/td><td>Lars J<\/td><td>Lars N<\/td><td>P\u00e4r<\/td><td>Ulf<\/td><td>Anita<\/td><td>Hannes<\/td><\/tr><tr><td>Po\u00e4ng<\/td><td>7,5<\/td><td>1<\/td><td>4,5<\/td><td>11,5<\/td><td>3,5<\/td><td>9<\/td><td><\/td><td><\/td><\/tr><tr><td>250304<\/td><td>1<\/td><td>x<\/td><td>3<\/td><td>2<\/td><td>x<\/td><td>x<\/td><td><\/td><td><\/td><\/tr><tr><td>250318<\/td><td>x<\/td><td>1<\/td><td>x<\/td><td>3,5<\/td><td>x<\/td><td>2,5<\/td><td>x<\/td><td><\/td><\/tr><tr><td>250408 <\/td><td>1,5<\/td><td><\/td><td>0,5<\/td><td>2<\/td><td><\/td><td>x<\/td><td><\/td><td><\/td><\/tr><tr><td>250506<\/td><td>3<\/td><td>x<\/td><td>0,5<\/td><td><\/td><td>2<\/td><td>0,5<\/td><td><\/td><td>x<\/td><\/tr><tr><td>250520<\/td><td>2<\/td><td><\/td><td>0,5<\/td><td>0,5<\/td><td>0,5<\/td><td>3,5<\/td><td>x<\/td><td>x<\/td><\/tr><tr><td>250610<\/td><td><\/td><td>x<\/td><td>x<\/td><td>3,5<\/td><td>1<\/td><td>2,5<\/td><td>x<\/td><td>x<\/td><\/tr><\/tbody><\/table><\/figure>\n\n\n\n<p><\/p>\n","protected":false},"excerpt":{"rendered":"<p>V\u00e5rViraVinnare V\u00e5rViraVinnare \u00e4r v\u00e5r spelserie under v\u00e5ren som tilldrar sig i Filbyter bridges lokaler p\u00e5 Danmarksgatan.Ibland kombineras dessa kv\u00e4llar med introduktion f\u00f6r nya viraspelare. L\u00e4ngre ner finner ni rapporteringen fr\u00e5n [&hellip;]<\/p>\n","protected":false},"author":6,"featured_media":0,"parent":273,"menu_order":0,"comment_status":"closed","ping_status":"closed","template":"templates\/template-full-width.php","meta":{"_lmt_disableupdate":"no","_lmt_disable":"","footnotes":""},"class_list":["post-2628","page","type-page","status-publish","hentry"],"_links":{"self":[{"href":"http:\/\/81.170.152.112\/virawp\/index.php?rest_route=\/wp\/v2\/pages\/2628","targetHints":{"allow":["GET"]}}],"collection":[{"href":"http:\/\/81.170.152.112\/virawp\/index.php?rest_route=\/wp\/v2\/pages"}],"about":[{"href":"http:\/\/81.170.152.112\/virawp\/index.php?rest_route=\/wp\/v2\/types\/page"}],"author":[{"embeddable":true,"href":"http:\/\/81.170.152.112\/virawp\/index.php?rest_route=\/wp\/v2\/users\/6"}],"replies":[{"embeddable":true,"href":"http:\/\/81.170.152.112\/virawp\/index.php?rest_route=%2Fwp%2Fv2%2Fcomments&post=2628"}],"version-history":[{"count":39,"href":"http:\/\/81.170.152.112\/virawp\/index.php?rest_route=\/wp\/v2\/pages\/2628\/revisions"}],"predecessor-version":[{"id":3495,"href":"http:\/\/81.170.152.112\/virawp\/index.php?rest_route=\/wp\/v2\/pages\/2628\/revisions\/3495"}],"up":[{"embeddable":true,"href":"http:\/\/81.170.152.112\/virawp\/index.php?rest_route=\/wp\/v2\/pages\/273"}],"wp:attachment":[{"href":"http:\/\/81.170.152.112\/virawp\/index.php?rest_route=%2Fwp%2Fv2%2Fmedia&parent=2628"}],"curies":[{"name":"wp","href":"https:\/\/api.w.org\/{rel}","templated":true}]}}