{"id":2643,"date":"2025-03-06T16:24:32","date_gmt":"2025-03-06T15:24:32","guid":{"rendered":"http:\/\/81.170.152.112\/virawp\/?page_id=2643"},"modified":"2026-04-08T14:59:41","modified_gmt":"2026-04-08T12:59:41","slug":"press","status":"publish","type":"page","link":"http:\/\/81.170.152.112\/virawp\/?page_id=2643","title":{"rendered":"Press"},"content":{"rendered":"\n<p>V\u00e5r synlighet i pressen har v\u00e4l inte varit vad vi hoppats p\u00e5, vi f\u00e5r skylla p\u00e5 pressen!<\/p>\n\n\n\n<p>H\u00e4r redovisas vad som f\u00f6rekommit (informera mig g\u00e4rna om publiceringar som jag inte vet om!)<\/p>\n\n\n\n<figure class=\"wp-block-image size-full\"><img loading=\"lazy\" decoding=\"async\" width=\"643\" height=\"113\" src=\"http:\/\/81.170.152.112\/virawp\/wp-content\/uploads\/2026\/04\/Skarmbild-fran-2026-04-08-14-50-10.png\" alt=\"\" class=\"wp-image-3465\" srcset=\"http:\/\/81.170.152.112\/virawp\/wp-content\/uploads\/2026\/04\/Skarmbild-fran-2026-04-08-14-50-10.png 643w, http:\/\/81.170.152.112\/virawp\/wp-content\/uploads\/2026\/04\/Skarmbild-fran-2026-04-08-14-50-10-300x53.png 300w\" sizes=\"auto, (max-width: 643px) 100vw, 643px\" \/><figcaption class=\"wp-element-caption\">Corren 260328<\/figcaption><\/figure>\n\n\n\n<figure class=\"wp-block-image size-full\"><img loading=\"lazy\" decoding=\"async\" width=\"647\" height=\"107\" src=\"http:\/\/81.170.152.112\/virawp\/wp-content\/uploads\/2026\/04\/Skarmbild-fran-2026-04-08-14-43-21.png\" alt=\"\" class=\"wp-image-3462\" srcset=\"http:\/\/81.170.152.112\/virawp\/wp-content\/uploads\/2026\/04\/Skarmbild-fran-2026-04-08-14-43-21.png 647w, http:\/\/81.170.152.112\/virawp\/wp-content\/uploads\/2026\/04\/Skarmbild-fran-2026-04-08-14-43-21-300x50.png 300w\" sizes=\"auto, (max-width: 647px) 100vw, 647px\" \/><figcaption class=\"wp-element-caption\">Corren 260314: klippte bort &#8217;\u00a0vilket \u00e4r det h\u00f6gsta bud som hemspelats i f\u00f6reningens historia.\u00a0&#8217;<br><\/figcaption><\/figure>\n\n\n\n<figure class=\"wp-block-image size-full\"><img loading=\"lazy\" decoding=\"async\" width=\"656\" height=\"139\" src=\"http:\/\/81.170.152.112\/virawp\/wp-content\/uploads\/2026\/04\/Skarmbild-fran-2026-04-08-14-45-08.png\" alt=\"\" class=\"wp-image-3463\" srcset=\"http:\/\/81.170.152.112\/virawp\/wp-content\/uploads\/2026\/04\/Skarmbild-fran-2026-04-08-14-45-08.png 656w, http:\/\/81.170.152.112\/virawp\/wp-content\/uploads\/2026\/04\/Skarmbild-fran-2026-04-08-14-45-08-300x64.png 300w\" sizes=\"auto, (max-width: 656px) 100vw, 656px\" \/><figcaption class=\"wp-element-caption\">Corren 260314<\/figcaption><\/figure>\n\n\n\n<figure class=\"wp-block-image size-full\"><img loading=\"lazy\" decoding=\"async\" width=\"643\" height=\"381\" src=\"http:\/\/81.170.152.112\/virawp\/wp-content\/uploads\/2026\/04\/Skarmbild-fran-2026-04-08-14-53-36.png\" alt=\"\" class=\"wp-image-3466\" srcset=\"http:\/\/81.170.152.112\/virawp\/wp-content\/uploads\/2026\/04\/Skarmbild-fran-2026-04-08-14-53-36.png 643w, http:\/\/81.170.152.112\/virawp\/wp-content\/uploads\/2026\/04\/Skarmbild-fran-2026-04-08-14-53-36-300x178.png 300w\" sizes=\"auto, (max-width: 643px) 100vw, 643px\" \/><figcaption class=\"wp-element-caption\">Corren 260228<\/figcaption><\/figure>\n\n\n\n<figure class=\"wp-block-image size-full is-resized\"><img loading=\"lazy\" decoding=\"async\" width=\"255\" height=\"327\" src=\"http:\/\/81.170.152.112\/virawp\/wp-content\/uploads\/2026\/04\/Skarmbild-fran-2026-04-08-14-37-20.png\" alt=\"\" class=\"wp-image-3461\" style=\"width:255px;height:auto\" srcset=\"http:\/\/81.170.152.112\/virawp\/wp-content\/uploads\/2026\/04\/Skarmbild-fran-2026-04-08-14-37-20.png 255w, http:\/\/81.170.152.112\/virawp\/wp-content\/uploads\/2026\/04\/Skarmbild-fran-2026-04-08-14-37-20-234x300.png 234w\" sizes=\"auto, (max-width: 255px) 100vw, 255px\" \/><figcaption class=\"wp-element-caption\">Corren 260128<\/figcaption><\/figure>\n\n\n\n<figure class=\"wp-block-image\"><img loading=\"lazy\" decoding=\"async\" width=\"255\" height=\"358\" src=\"http:\/\/81.170.152.112\/virawp\/wp-content\/uploads\/2026\/01\/Skarmbild-fran-2026-01-02-14-51-22.png\" alt=\"\" class=\"wp-image-3173\" srcset=\"http:\/\/81.170.152.112\/virawp\/wp-content\/uploads\/2026\/01\/Skarmbild-fran-2026-01-02-14-51-22.png 255w, http:\/\/81.170.152.112\/virawp\/wp-content\/uploads\/2026\/01\/Skarmbild-fran-2026-01-02-14-51-22-214x300.png 214w\" sizes=\"auto, (max-width: 255px) 100vw, 255px\" \/><figcaption class=\"wp-element-caption\">Corren 251227<\/figcaption><\/figure>\n\n\n\n<figure class=\"wp-block-image size-full\"><img loading=\"lazy\" decoding=\"async\" width=\"638\" height=\"120\" src=\"http:\/\/81.170.152.112\/virawp\/wp-content\/uploads\/2025\/12\/Screenshot-From-2025-12-18-13-36-59.png\" alt=\"\" class=\"wp-image-3158\" srcset=\"http:\/\/81.170.152.112\/virawp\/wp-content\/uploads\/2025\/12\/Screenshot-From-2025-12-18-13-36-59.png 638w, http:\/\/81.170.152.112\/virawp\/wp-content\/uploads\/2025\/12\/Screenshot-From-2025-12-18-13-36-59-300x56.png 300w\" sizes=\"auto, (max-width: 638px) 100vw, 638px\" \/><figcaption class=\"wp-element-caption\">Corren 251206<\/figcaption><\/figure>\n\n\n\n<figure class=\"wp-block-image size-full\"><img loading=\"lazy\" decoding=\"async\" width=\"666\" height=\"128\" src=\"http:\/\/81.170.152.112\/virawp\/wp-content\/uploads\/2025\/11\/Skarmbild-fran-2025-11-18-17-23-41.png\" alt=\"\" class=\"wp-image-3128\" srcset=\"http:\/\/81.170.152.112\/virawp\/wp-content\/uploads\/2025\/11\/Skarmbild-fran-2025-11-18-17-23-41.png 666w, http:\/\/81.170.152.112\/virawp\/wp-content\/uploads\/2025\/11\/Skarmbild-fran-2025-11-18-17-23-41-300x58.png 300w\" sizes=\"auto, (max-width: 666px) 100vw, 666px\" \/><figcaption class=\"wp-element-caption\">Corren 251115<\/figcaption><\/figure>\n\n\n\n<figure class=\"wp-block-image size-full\"><img loading=\"lazy\" decoding=\"async\" width=\"676\" height=\"219\" src=\"http:\/\/81.170.152.112\/virawp\/wp-content\/uploads\/2025\/11\/Skarmbild-fran-2025-11-18-17-21-20.png\" alt=\"\" class=\"wp-image-3126\" srcset=\"http:\/\/81.170.152.112\/virawp\/wp-content\/uploads\/2025\/11\/Skarmbild-fran-2025-11-18-17-21-20.png 676w, http:\/\/81.170.152.112\/virawp\/wp-content\/uploads\/2025\/11\/Skarmbild-fran-2025-11-18-17-21-20-300x97.png 300w\" sizes=\"auto, (max-width: 676px) 100vw, 676px\" \/><figcaption class=\"wp-element-caption\">Corren 251115, lite felklippt &#8230;<\/figcaption><\/figure>\n\n\n\n<figure class=\"wp-block-image size-full\"><img loading=\"lazy\" decoding=\"async\" width=\"653\" height=\"165\" src=\"http:\/\/81.170.152.112\/virawp\/wp-content\/uploads\/2025\/11\/Corren-251025.png\" alt=\"\" class=\"wp-image-3068\" srcset=\"http:\/\/81.170.152.112\/virawp\/wp-content\/uploads\/2025\/11\/Corren-251025.png 653w, http:\/\/81.170.152.112\/virawp\/wp-content\/uploads\/2025\/11\/Corren-251025-300x76.png 300w\" sizes=\"auto, (max-width: 653px) 100vw, 653px\" \/><figcaption class=\"wp-element-caption\">Corren 251025<\/figcaption><\/figure>\n\n\n\n<figure class=\"wp-block-image size-full\"><img loading=\"lazy\" decoding=\"async\" width=\"312\" height=\"422\" src=\"http:\/\/81.170.152.112\/virawp\/wp-content\/uploads\/2025\/09\/Screenshot-From-2025-09-10-20-33-27.png\" alt=\"\" class=\"wp-image-2915\" srcset=\"http:\/\/81.170.152.112\/virawp\/wp-content\/uploads\/2025\/09\/Screenshot-From-2025-09-10-20-33-27.png 312w, http:\/\/81.170.152.112\/virawp\/wp-content\/uploads\/2025\/09\/Screenshot-From-2025-09-10-20-33-27-222x300.png 222w\" sizes=\"auto, (max-width: 312px) 100vw, 312px\" \/><figcaption class=\"wp-element-caption\">Corren 10\/9 2025<\/figcaption><\/figure>\n\n\n\n<figure class=\"wp-block-image size-full\"><img loading=\"lazy\" decoding=\"async\" width=\"661\" height=\"136\" src=\"http:\/\/81.170.152.112\/virawp\/wp-content\/uploads\/2025\/11\/Corren-250620.png\" alt=\"\" class=\"wp-image-3069\" srcset=\"http:\/\/81.170.152.112\/virawp\/wp-content\/uploads\/2025\/11\/Corren-250620.png 661w, http:\/\/81.170.152.112\/virawp\/wp-content\/uploads\/2025\/11\/Corren-250620-300x62.png 300w\" sizes=\"auto, (max-width: 661px) 100vw, 661px\" \/><figcaption class=\"wp-element-caption\">Corren 250620<\/figcaption><\/figure>\n\n\n\n<figure class=\"wp-block-image size-large\"><img loading=\"lazy\" decoding=\"async\" width=\"878\" height=\"1024\" src=\"http:\/\/81.170.152.112\/virawp\/wp-content\/uploads\/2025\/06\/Skarmavbild-2025-06-08-kl.-14.57.02.jpeg-878x1024.png\" alt=\"\" class=\"wp-image-2828\" srcset=\"http:\/\/81.170.152.112\/virawp\/wp-content\/uploads\/2025\/06\/Skarmavbild-2025-06-08-kl.-14.57.02.jpeg-878x1024.png 878w, http:\/\/81.170.152.112\/virawp\/wp-content\/uploads\/2025\/06\/Skarmavbild-2025-06-08-kl.-14.57.02.jpeg-257x300.png 257w, http:\/\/81.170.152.112\/virawp\/wp-content\/uploads\/2025\/06\/Skarmavbild-2025-06-08-kl.-14.57.02.jpeg-768x896.png 768w, http:\/\/81.170.152.112\/virawp\/wp-content\/uploads\/2025\/06\/Skarmavbild-2025-06-08-kl.-14.57.02.jpeg.png 1146w\" sizes=\"auto, (max-width: 878px) 100vw, 878px\" \/><figcaption class=\"wp-element-caption\">Corren 250531<\/figcaption><\/figure>\n\n\n\n<figure class=\"wp-block-image size-full\"><img loading=\"lazy\" decoding=\"async\" width=\"355\" height=\"383\" src=\"http:\/\/81.170.152.112\/virawp\/wp-content\/uploads\/2025\/05\/Skarmbild-fran-2025-05-17-11-08-27.png\" alt=\"\" class=\"wp-image-2790\" srcset=\"http:\/\/81.170.152.112\/virawp\/wp-content\/uploads\/2025\/05\/Skarmbild-fran-2025-05-17-11-08-27.png 355w, http:\/\/81.170.152.112\/virawp\/wp-content\/uploads\/2025\/05\/Skarmbild-fran-2025-05-17-11-08-27-278x300.png 278w\" sizes=\"auto, (max-width: 355px) 100vw, 355px\" \/><figcaption class=\"wp-element-caption\">Corren 250517<\/figcaption><\/figure>\n\n\n\n<figure class=\"wp-block-image size-full\"><img loading=\"lazy\" decoding=\"async\" width=\"371\" height=\"370\" src=\"http:\/\/81.170.152.112\/virawp\/wp-content\/uploads\/2025\/05\/Skarmbild-fran-2025-05-08-18-11-41.png\" alt=\"\" class=\"wp-image-2781\" srcset=\"http:\/\/81.170.152.112\/virawp\/wp-content\/uploads\/2025\/05\/Skarmbild-fran-2025-05-08-18-11-41.png 371w, http:\/\/81.170.152.112\/virawp\/wp-content\/uploads\/2025\/05\/Skarmbild-fran-2025-05-08-18-11-41-300x300.png 300w, http:\/\/81.170.152.112\/virawp\/wp-content\/uploads\/2025\/05\/Skarmbild-fran-2025-05-08-18-11-41-150x150.png 150w\" sizes=\"auto, (max-width: 371px) 100vw, 371px\" \/><figcaption class=\"wp-element-caption\">Corren 250416<\/figcaption><\/figure>\n\n\n\n<p>Link\u00f6pings Viras\u00e4llskap spelade 18 mars andra steget i sin V\u00e5rVira serie. Spelet genomf\u00f6rdes i Filbyter Bridge&#8217;s lokaler d\u00e4r \u00e4ven nyb\u00f6rjarintroduktion&nbsp;skedde.<\/p>\n\n\n\n<p>Man spelade 7 ronder om 3 givar vardera.<\/p>\n\n\n\n<p>Segrare Lars Nielsen, 2:a plats Ulf Strann\u00e5, 3:e plats Jan Ohlsson<\/p>\n\n\n\n<p>H\u00f6gsta bud under kv\u00e4llen var Solo Petite&nbsp;Mis\u00e4r, hemspelad av Lars Nielsen<\/p>\n\n\n\n<p>ovanst\u00e5ende kom aldrig in \u2026\u2026<\/p>\n\n\n\n<figure class=\"wp-block-image size-large\"><img loading=\"lazy\" decoding=\"async\" width=\"416\" height=\"443\" src=\"http:\/\/81.170.152.112\/virawp\/wp-content\/uploads\/2025\/03\/Skarmbild-fran-2025-03-15-17-43-26.png\" alt=\"\" class=\"wp-image-2667\" srcset=\"http:\/\/81.170.152.112\/virawp\/wp-content\/uploads\/2025\/03\/Skarmbild-fran-2025-03-15-17-43-26.png 416w, http:\/\/81.170.152.112\/virawp\/wp-content\/uploads\/2025\/03\/Skarmbild-fran-2025-03-15-17-43-26-282x300.png 282w\" sizes=\"auto, (max-width: 416px) 100vw, 416px\" \/><figcaption class=\"wp-element-caption\">Corren 250312<\/figcaption><\/figure>\n\n\n\n<figure class=\"wp-block-image size-large\"><img loading=\"lazy\" decoding=\"async\" width=\"402\" height=\"671\" src=\"http:\/\/81.170.152.112\/virawp\/wp-content\/uploads\/2025\/03\/Corren-250226.png\" alt=\"\" class=\"wp-image-2648\" srcset=\"http:\/\/81.170.152.112\/virawp\/wp-content\/uploads\/2025\/03\/Corren-250226.png 402w, http:\/\/81.170.152.112\/virawp\/wp-content\/uploads\/2025\/03\/Corren-250226-180x300.png 180w\" sizes=\"auto, (max-width: 402px) 100vw, 402px\" \/><figcaption class=\"wp-element-caption\">Corren 250226<\/figcaption><\/figure>\n\n\n\n<figure class=\"wp-block-image size-large\"><img loading=\"lazy\" decoding=\"async\" width=\"343\" height=\"302\" src=\"http:\/\/81.170.152.112\/virawp\/wp-content\/uploads\/2025\/03\/Corren-241009.png\" alt=\"\" class=\"wp-image-2649\" srcset=\"http:\/\/81.170.152.112\/virawp\/wp-content\/uploads\/2025\/03\/Corren-241009.png 343w, http:\/\/81.170.152.112\/virawp\/wp-content\/uploads\/2025\/03\/Corren-241009-300x264.png 300w\" sizes=\"auto, (max-width: 343px) 100vw, 343px\" \/><figcaption class=\"wp-element-caption\">Corren 241009<\/figcaption><\/figure>\n\n\n\n<p><\/p>\n","protected":false},"excerpt":{"rendered":"<p>V\u00e5r synlighet i pressen har v\u00e4l inte varit vad vi hoppats p\u00e5, vi f\u00e5r skylla p\u00e5 pressen! H\u00e4r redovisas vad som f\u00f6rekommit (informera mig g\u00e4rna om publiceringar som jag inte [&hellip;]<\/p>\n","protected":false},"author":6,"featured_media":0,"parent":29,"menu_order":0,"comment_status":"closed","ping_status":"closed","template":"","meta":{"_lmt_disableupdate":"no","_lmt_disable":"","footnotes":""},"class_list":["post-2643","page","type-page","status-publish","hentry"],"_links":{"self":[{"href":"http:\/\/81.170.152.112\/virawp\/index.php?rest_route=\/wp\/v2\/pages\/2643","targetHints":{"allow":["GET"]}}],"collection":[{"href":"http:\/\/81.170.152.112\/virawp\/index.php?rest_route=\/wp\/v2\/pages"}],"about":[{"href":"http:\/\/81.170.152.112\/virawp\/index.php?rest_route=\/wp\/v2\/types\/page"}],"author":[{"embeddable":true,"href":"http:\/\/81.170.152.112\/virawp\/index.php?rest_route=\/wp\/v2\/users\/6"}],"replies":[{"embeddable":true,"href":"http:\/\/81.170.152.112\/virawp\/index.php?rest_route=%2Fwp%2Fv2%2Fcomments&post=2643"}],"version-history":[{"count":17,"href":"http:\/\/81.170.152.112\/virawp\/index.php?rest_route=\/wp\/v2\/pages\/2643\/revisions"}],"predecessor-version":[{"id":3468,"href":"http:\/\/81.170.152.112\/virawp\/index.php?rest_route=\/wp\/v2\/pages\/2643\/revisions\/3468"}],"up":[{"embeddable":true,"href":"http:\/\/81.170.152.112\/virawp\/index.php?rest_route=\/wp\/v2\/pages\/29"}],"wp:attachment":[{"href":"http:\/\/81.170.152.112\/virawp\/index.php?rest_route=%2Fwp%2Fv2%2Fmedia&parent=2643"}],"curies":[{"name":"wp","href":"https:\/\/api.w.org\/{rel}","templated":true}]}}