{"id":273,"date":"2020-02-19T15:01:11","date_gmt":"2020-02-19T14:01:11","guid":{"rendered":"http:\/\/81.170.152.112\/virawp\/?page_id=273"},"modified":"2025-11-07T16:14:26","modified_gmt":"2025-11-07T15:14:26","slug":"event","status":"publish","type":"page","link":"http:\/\/81.170.152.112\/virawp\/?page_id=273","title":{"rendered":"Event"},"content":{"rendered":"\n<p>Link\u00f6pings Viras\u00e4llskap arrangerar events f\u00f6r det st\u00f6rre virasverige samt deltager i event arrangerade av andra klubbar.  Klicka p\u00e5 l\u00e4nkarna f\u00f6r mera information.<\/p>\n\n\n\n<p>P\u00e5 denna sida redovisas historiska event. Kommande h\u00e4ndelser i virav\u00e4rlden visas p\u00e5 <a href=\"http:\/\/81.170.152.112\/virawp\/\" data-type=\"page\" data-id=\"29\">hemsidan<\/a>.<\/p>\n\n\n\n<p class=\"has-text-align-center\"><strong>V3<\/strong><\/p>\n\n\n\n<p>Spelserien V3: V\u00e5rViraVinnare introducerades 2025. Resultat etc. finns p\u00e5 <a href=\"http:\/\/81.170.152.112\/virawp\/?page_id=2628\" data-type=\"page\" data-id=\"2628\">V3 sidan<\/a>.<\/p>\n\n\n\n<p class=\"has-text-align-center\"><strong>HV7<\/strong><\/p>\n\n\n\n<p>Splserien HV7: H\u00f6stvira 7 tillf\u00e4llen \u00e4r en uppf\u00f6ljning av V3 ovan. Resultat etc. finns p\u00e5<a href=\"http:\/\/81.170.152.112\/virawp\/?page_id=2864\" data-type=\"page\" data-id=\"2864\"> HV7 sidan.<\/a><\/p>\n\n\n\n<hr class=\"wp-block-separator has-alpha-channel-opacity\"\/>\n\n\n\n<p class=\"has-text-align-center\"><strong>KM f\u00f6r Link\u00f6pings Viras\u00e4llskap<\/strong><\/p>\n\n\n\n<p>KM f\u00f6r LVS anordnades f\u00f6rsta g\u00e5ngen 2024.<\/p>\n\n\n\n<p>Segrare detta \u00e5r blev Klaus Claassen.<\/p>\n\n\n\n<p>2025 Spelades KM 4\/11. Segrare och klubbm\u00e4stare blev P\u00e4r Kvist.<\/p>\n\n\n\n<p> Se mera under <a href=\"http:\/\/81.170.152.112\/virawp\/?page_id=2447\" data-type=\"page\" data-id=\"2447\">KM<\/a>.<\/p>\n\n\n\n<hr class=\"wp-block-separator has-alpha-channel-opacity\"\/>\n\n\n\n<p class=\"has-text-align-center\"><strong>SM VIRA<\/strong><\/p>\n\n\n\n<p>SM i vira arrangeras normalt varje \u00e5r, och LVS \u00e4r normalt representerad vid dessa. <\/p>\n\n\n\n<p>2025 arrangerades SM av Link\u00f6pings viras\u00e4llskap. All information finns p\u00e5<a href=\"http:\/\/81.170.152.112\/virawp\/?page_id=2850\" data-type=\"page\" data-id=\"2850\">  sidan f\u00f6r SM 2025<\/a>.<\/p>\n\n\n\n<figure class=\"wp-block-image size-large\"><img loading=\"lazy\" decoding=\"async\" width=\"1024\" height=\"461\" src=\"http:\/\/81.170.152.112\/virawp\/wp-content\/uploads\/2025\/11\/SM2025_Pris-1024x461.jpg\" alt=\"\" class=\"wp-image-3080\" srcset=\"http:\/\/81.170.152.112\/virawp\/wp-content\/uploads\/2025\/11\/SM2025_Pris-1024x461.jpg 1024w, http:\/\/81.170.152.112\/virawp\/wp-content\/uploads\/2025\/11\/SM2025_Pris-300x135.jpg 300w, http:\/\/81.170.152.112\/virawp\/wp-content\/uploads\/2025\/11\/SM2025_Pris-768x346.jpg 768w, http:\/\/81.170.152.112\/virawp\/wp-content\/uploads\/2025\/11\/SM2025_Pris-1536x692.jpg 1536w, http:\/\/81.170.152.112\/virawp\/wp-content\/uploads\/2025\/11\/SM2025_Pris-2048x922.jpg 2048w, http:\/\/81.170.152.112\/virawp\/wp-content\/uploads\/2025\/11\/SM2025_Pris-1200x540.jpg 1200w, http:\/\/81.170.152.112\/virawp\/wp-content\/uploads\/2025\/11\/SM2025_Pris-1980x892.jpg 1980w\" sizes=\"auto, (max-width: 1024px) 100vw, 1024px\" \/><figcaption class=\"wp-element-caption\">Prisutdelning 2025<\/figcaption><\/figure>\n\n\n\n<p>2024 arrangerades SM av Sydg\u00f6ken. Blygsam placering f\u00f6r v\u00e5r Lars Nielsen, medan hemmaklubben lade beslag p\u00e5 1:a och 2:a plats, Stockholms Wiras\u00e4llskap p\u00e5 3:e. Se vidare <a href=\"http:\/\/81.170.152.112\/virawp\/?page_id=2482\" data-type=\"page\" data-id=\"2482\">Vira SM 2024.<\/a><\/p>\n\n\n\n<p>2023 arrangerades SM av Stockholms Wiras\u00e4llskap. <br>Lars Johansson LVS kom p\u00e5 andra plats, Lars Nielsen LVS p\u00e5 3e. Se vidare <a href=\"http:\/\/81.170.152.112\/virawp\/?page_id=2222\">Vira SM 2023<\/a><\/p>\n\n\n\n<p>SM i Vira 2022 arrangerades i J\u00f6nk\u00f6ping 12-13 November av J\u00f6nk\u00f6pings viraklubb.<br>Lars Johansson fr\u00e5n LVS kom p\u00e5 en hedrande 3:e plats.<br>\u00d6vriga resultat kan du se <a href=\"http:\/\/81.170.152.112\/virawp\/?page_id=1743\">h\u00e4r<\/a>.<\/p>\n\n\n\n<p>Efter Coronauppeh\u00e5ll arrangerade LVS \u00e5ter <a href=\"http:\/\/81.170.152.112\/virawp\/?page_id=1394\" data-type=\"page\" data-id=\"1394\">SM i Vira 27-28\/11 2021<\/a>.<\/p>\n\n\n\n<p>Under 2019 arrangerade LVS <a href=\"http:\/\/81.170.152.112\/virawp\/?page_id=298\">SM i vira 2019<\/a>, f\u00f6reg\u00e5nget av ett<a href=\"http:\/\/81.170.152.112\/virawp\/?page_id=275\">F\u00f6r-SM<\/a>.<\/p>\n\n\n\n<p><\/p>\n\n\n\n<p><br>En \u00f6versikt \u00f6ver <a href=\"http:\/\/www.brusdata.se\/Vira\/SM2015.htm\">tidigare SM<\/a> samt resultat kan du se p\u00e5 Stockholms viras\u00e4llskaps hemsida.<\/p>\n\n\n\n<hr class=\"wp-block-separator has-alpha-channel-opacity\"\/>\n\n\n\n<p class=\"has-text-align-center\"><strong>KAROLINER CUP<\/strong><\/p>\n\n\n\n<p>Karoliner Cup arrangeras p\u00e5 Tegelberga GK, sponsrad av 10Ben AB. Detta \u00e4r en t\u00e4vling d\u00e4r Viraspel kombineras med golf (om man vill\/kan)<\/p>\n\n\n\n<p>20250517 Segrade Lars Nielsen fr\u00e5n LVS i ett mycket starkt startf\u00e4lt. Det \u00e4r v\u00e4rt en bild fr\u00e5n prisutdelningen!:<\/p>\n\n\n\n<figure class=\"wp-block-image size-large\"><img loading=\"lazy\" decoding=\"async\" width=\"1024\" height=\"445\" src=\"http:\/\/81.170.152.112\/virawp\/wp-content\/uploads\/2025\/05\/KarolinerCup2025-1024x445.jpg\" alt=\"\" class=\"wp-image-2817\" srcset=\"http:\/\/81.170.152.112\/virawp\/wp-content\/uploads\/2025\/05\/KarolinerCup2025-1024x445.jpg 1024w, http:\/\/81.170.152.112\/virawp\/wp-content\/uploads\/2025\/05\/KarolinerCup2025-300x130.jpg 300w, http:\/\/81.170.152.112\/virawp\/wp-content\/uploads\/2025\/05\/KarolinerCup2025-768x334.jpg 768w, http:\/\/81.170.152.112\/virawp\/wp-content\/uploads\/2025\/05\/KarolinerCup2025-1536x667.jpg 1536w, http:\/\/81.170.152.112\/virawp\/wp-content\/uploads\/2025\/05\/KarolinerCup2025-2048x890.jpg 2048w, http:\/\/81.170.152.112\/virawp\/wp-content\/uploads\/2025\/05\/KarolinerCup2025-1200x521.jpg 1200w, http:\/\/81.170.152.112\/virawp\/wp-content\/uploads\/2025\/05\/KarolinerCup2025-1980x860.jpg 1980w\" sizes=\"auto, (max-width: 1024px) 100vw, 1024px\" \/><figcaption class=\"wp-element-caption\">Fr.v.: Bengt Gren: h\u00f6gsta bud Solo petite mis\u00e4r ouverte, Golf segrare, arrang\u00f6r Thomas Nilsson samt totalsegrare Lars Nielsen.<\/figcaption><\/figure>\n\n\n\n<p><br>20240511 Segrare Anders Berkmo fr\u00e5n Sydg\u00f6ken. P\u00e5 andra plats hamnade Lars Nielsen LVS.<br><br>2023 hade LVS tyv\u00e4rr ingen representant i t\u00e4vlingen<br><br>14\/5 2022 deltog Lars Nielsen och Jolon fr\u00e5n LVS. Jolon \u00e4ven i golfen.<br>Resultat:<br>1. Lars Nielsen<br>2. Anders Berkmo<br>3. Thomas Nilsson<br>3,5. Jolon<\/p>\n\n\n\n<hr class=\"wp-block-separator has-alpha-channel-opacity\"\/>\n\n\n\n<p class=\"has-text-align-center\"><strong>WIRA BRUK<\/strong><\/p>\n\n\n\n<p class=\"has-text-align-left\">2024 representerades LVS av Lars Nielsen som placerade sig mitt i ett f\u00e4lt av 12 deltagare. Vann gjorde Erik Bergman f\u00f6ljd av Gunilla Berendt och Christer Sohlberg .<\/p>\n\n\n\n<p>2023 representerades LVS av Lars Johansson. Segrare detta \u00e5r var Henric Berendt, Stockholm.<\/p>\n\n\n\n<p>Den sedvanliga t\u00e4vlingen p\u00e5 Wira Bruk 21\/5 2022 engagerade 10 personer. Deltagare fr\u00e5n LVS var P\u00e4r Kvist och Ulf Strann\u00e5.<br>Resultat:<br>1. Ulf Magnusson<br>2. Erik Bergman<br>3. P\u00e4r Kvist<br>4. <br>5. Ulf Strann\u00e5<\/p>\n\n\n\n<hr class=\"wp-block-separator has-alpha-channel-opacity\"\/>\n\n\n\n<p class=\"has-text-align-center\"><strong>P\u00c5SKVIRA<\/strong><\/p>\n\n\n\n<p class=\"has-text-align-left\">Under 2020 t\u00e4nkte vi arrangera t\u00e4vlingen P\u00e5skviran.<br>Tyv\u00e4rr st\u00e4llde Coronaviruset till det. Nytt f\u00f6rs\u00f6k g\u00f6rs 20??.<\/p>\n\n\n\n<p>P\u00e5skVira \u00e4r avsett att ing\u00e5 i en nyt\u00e4nkt <a href=\"http:\/\/81.170.152.112\/virawp\/?page_id=281\">Svenska Viracupen<\/a>, d\u00e4r \u00f6vriga delt\u00e4vlingar avses vara <br>&#8211; Karoliner cup i Trelleborg <br>&#8211; T\u00e4vlingen p\u00e5 Wira Bruk<\/p>\n","protected":false},"excerpt":{"rendered":"<p>Link\u00f6pings Viras\u00e4llskap arrangerar events f\u00f6r det st\u00f6rre virasverige samt deltager i event arrangerade av andra klubbar. Klicka p\u00e5 l\u00e4nkarna f\u00f6r mera information. P\u00e5 denna sida redovisas historiska event. Kommande h\u00e4ndelser [&hellip;]<\/p>\n","protected":false},"author":6,"featured_media":0,"parent":29,"menu_order":1,"comment_status":"closed","ping_status":"closed","template":"","meta":{"_lmt_disableupdate":"no","_lmt_disable":"","footnotes":""},"class_list":["post-273","page","type-page","status-publish","hentry"],"_links":{"self":[{"href":"http:\/\/81.170.152.112\/virawp\/index.php?rest_route=\/wp\/v2\/pages\/273","targetHints":{"allow":["GET"]}}],"collection":[{"href":"http:\/\/81.170.152.112\/virawp\/index.php?rest_route=\/wp\/v2\/pages"}],"about":[{"href":"http:\/\/81.170.152.112\/virawp\/index.php?rest_route=\/wp\/v2\/types\/page"}],"author":[{"embeddable":true,"href":"http:\/\/81.170.152.112\/virawp\/index.php?rest_route=\/wp\/v2\/users\/6"}],"replies":[{"embeddable":true,"href":"http:\/\/81.170.152.112\/virawp\/index.php?rest_route=%2Fwp%2Fv2%2Fcomments&post=273"}],"version-history":[{"count":61,"href":"http:\/\/81.170.152.112\/virawp\/index.php?rest_route=\/wp\/v2\/pages\/273\/revisions"}],"predecessor-version":[{"id":3120,"href":"http:\/\/81.170.152.112\/virawp\/index.php?rest_route=\/wp\/v2\/pages\/273\/revisions\/3120"}],"up":[{"embeddable":true,"href":"http:\/\/81.170.152.112\/virawp\/index.php?rest_route=\/wp\/v2\/pages\/29"}],"wp:attachment":[{"href":"http:\/\/81.170.152.112\/virawp\/index.php?rest_route=%2Fwp%2Fv2%2Fmedia&parent=273"}],"curies":[{"name":"wp","href":"https:\/\/api.w.org\/{rel}","templated":true}]}}