{"id":29,"date":"2020-02-17T15:50:41","date_gmt":"2020-02-17T14:50:41","guid":{"rendered":"http:\/\/81.170.152.112\/virawp\/?page_id=29"},"modified":"2026-04-23T17:33:23","modified_gmt":"2026-04-23T15:33:23","slug":"valkommen-till-linkopings-virasallskaps-hemsida","status":"publish","type":"page","link":"http:\/\/81.170.152.112\/virawp\/","title":{"rendered":"V\u00e4lkommen till Link\u00f6pings Viras\u00e4llskaps hemsida!"},"content":{"rendered":"\n<figure class=\"wp-block-image alignleft size-large is-resized is-style-default\"><img loading=\"lazy\" decoding=\"async\" width=\"400\" height=\"612\" src=\"http:\/\/81.170.152.112\/virawp\/wp-content\/uploads\/2023\/03\/Donate.png\" alt=\"Donera till LVS och virApp\n50% till f\u00f6reningen, 50% till utvecklare och server\u00e4gare.\" class=\"wp-image-2062\" style=\"width:224px;height:auto\" srcset=\"http:\/\/81.170.152.112\/virawp\/wp-content\/uploads\/2023\/03\/Donate.png 400w, http:\/\/81.170.152.112\/virawp\/wp-content\/uploads\/2023\/03\/Donate-196x300.png 196w\" sizes=\"auto, (max-width: 400px) 100vw, 400px\" \/><figcaption class=\"wp-element-caption\">Med ett swish kan man st\u00f6dja LVS samt VirApp utveckling och milj\u00f6!<\/figcaption><\/figure>\n\n\n\n<p>Link\u00f6pings Viras\u00e4llskap &#8211; LVS &#8211; grundades 14\/1 2019 med avsikt att ut\u00f6va och fr\u00e4mja Kortspelet Vira. <\/p>\n\n\n\n<div class=\"wp-block-buttons is-content-justification-right is-layout-flex wp-container-core-buttons-is-layout-765c4724 wp-block-buttons-is-layout-flex\">\n<div class=\"wp-block-button\"><a class=\"wp-block-button__link wp-element-button\" href=\"http:\/\/81.170.152.112\/virawp\/?page_id=3417\">Spelanm\u00e4lan<\/a><\/div>\n<\/div>\n\n\n\n<p> Denna hemsida presenterar publikt \u00f6vergripande information om kortspelet Vira och om Link\u00f6pings Viras\u00e4llskaps aktiviteter. <\/p>\n\n\n\n<p> Den inneh\u00e5ller ocks\u00e5 information avsedd endast f\u00f6r  medlemmar. <\/p>\n\n\n\n<p class=\"has-text-align-center has-accent-color has-text-color\"><strong>Aktuellt<\/strong><\/p>\n\n\n\n<p>SM i vira spelades 1-2 november i Link\u00f6ping.<br>F\u00f6r bilder och resultat,  se <a href=\"http:\/\/81.170.152.112\/virawp\/?page_id=2850\" data-type=\"page\" data-id=\"2850\">SM2025<\/a> sidan!.<\/p>\n\n\n\n<hr class=\"wp-block-separator has-alpha-channel-opacity\"\/>\n\n\n\n<p>Vill du bli medlem? Se <a href=\"http:\/\/81.170.152.112\/virawp\/?page_id=2919\" data-type=\"page\" data-id=\"2919\">anm\u00e4lningssidan<\/a>.<br>Vill du f\u00f6rst bara prova p\u00e5? Se l\u00e4ngre ned p\u00e5 denna sida om v\u00e5ra spelkv\u00e4llar.<\/p>\n\n\n\n<p class=\"has-text-align-center has-accent-color has-text-color\"><strong>Kalender<\/strong> (understrukna event kan klickas f\u00f6r anm\u00e4lan)<\/p>\n\n\n\n<figure class=\"wp-block-table\"><table><tbody><tr><td>12\/5<\/td><td><a href=\"http:\/\/81.170.152.112\/virawp\/?page_id=3417\" data-type=\"page\" data-id=\"3417\">V3:8 Danmarksgatan<\/a><\/td><\/tr><tr><td>19\/5<\/td><td>V3:9 Danmarksgatan<\/td><\/tr><tr><td>30\/5<\/td><td><a href=\"https:\/\/www.brusdata.se\/Vira\">Vira Bruk<\/a><\/td><\/tr><tr><td>9\/6<\/td><td>V3:10 Danmarksgatan<\/td><\/tr><tr><td>17\/10-18\/10<\/td><td>Vira SM 2026 Sundsvall (se info nedan)<\/td><\/tr><\/tbody><\/table><\/figure>\n\n\n\n<div class=\"wp-block-file\"><a id=\"wp-block-file--media-95cde47a-167a-47d9-bcb9-9b54808fedd9\" href=\"http:\/\/81.170.152.112\/virawp\/wp-content\/uploads\/2026\/04\/ViraSM2026.pdf\">Inbjudan ViraSM2026<\/a><a href=\"http:\/\/81.170.152.112\/virawp\/wp-content\/uploads\/2026\/04\/ViraSM2026.pdf\" class=\"wp-block-file__button wp-element-button\" download aria-describedby=\"wp-block-file--media-95cde47a-167a-47d9-bcb9-9b54808fedd9\">Ladda ner<\/a><\/div>\n\n\n\n<p><\/p>\n\n\n\n<hr class=\"wp-block-separator has-css-opacity\"\/>\n\n\n\n<p>F\u00f6r de intresserade redovisas <a href=\"http:\/\/81.170.152.112\/virawp\/?page_id=2603\" data-type=\"page\" data-id=\"2603\">h\u00e4r<\/a> v\u00e5ra verksamhetsber\u00e4ttelser<\/p>\n\n\n\n<div class=\"wp-block-file alignright\"><a href=\"http:\/\/81.170.152.112\/virawp\/wp-content\/uploads\/2020\/02\/Inbjudan-Vira-LVS.pdf\">Inbjudan Vira LVS<\/a><a href=\"http:\/\/81.170.152.112\/virawp\/wp-content\/uploads\/2020\/02\/Inbjudan-Vira-LVS.pdf\" class=\"wp-block-file__button wp-element-button\" download>Ladda ner<\/a><\/div>\n\n\n\n<p>I avsikt att fr\u00e4mja kortspelet Vira i Link\u00f6ping har vi arrangera \u00f6ppna spelkv\u00e4llar i Link\u00f6ping. Dessa \u00e4r numera ersatta av v\u00e5ra interna serie aktiviteter i Filbyter Bridge&#8217;s lokaler. Till dessa \u00e4r \u00e4ven DU som \u00e4r nyfiken  p\u00e5 Viraspel v\u00e4lkommen, f\u00f6r att titta p\u00e5, f\u00e5 mera information och kanske provspela. Klicka p\u00e5 l\u00e4nken f\u00f6r att se inbjudanspamfletten. D\u00e4r finns ocks\u00e5 kontaktinfo.<\/p>\n\n\n\n<p><strong>N\u00e4sta spelkv\u00e4ll: <\/strong>Se kalender ovan (<a href=\"http:\/\/81.170.152.112\/virawp\/?page_id=2628\" data-type=\"page\" data-id=\"2628\">V3<\/a> och <a href=\"http:\/\/81.170.152.112\/virawp\/?page_id=2864\" data-type=\"page\" data-id=\"2864\">HV7<\/a> event)<br><br><a href=\"http:\/\/81.170.152.112\/virawp\/?page_id=466\">Resultat fr\u00e5n spelkv\u00e4llar<\/a><\/p>\n\n\n\n<p>LVS arrangerar och deltar i olika event i virasverige, se <a href=\"http:\/\/81.170.152.112\/virawp\/?page_id=273\">v\u00e5ra event<\/a>!<\/p>\n\n\n\n<p> P\u00e5 <a href=\"https:\/\/sv.wikipedia.org\/wiki\/Vira\">Wikipedia <\/a>kan du l\u00e4sa mera om vira. <\/p>\n\n\n\n<p>Hos Stockholms Wiras\u00e4llskap kan du l\u00e4sa <a href=\"http:\/\/www.brusdata.se\/Vira\/spelregler.htm\">om hur det g\u00e5r till att spela vira <\/a> och lite om <a href=\"http:\/\/www.brusdata.se\/Vira\/Budtab.htm\">budgivningen<\/a>.<\/p>\n\n\n\n<p>Regler f\u00f6r turneringsspel finns i Regler f\u00f6r SM i vira 2025.<\/p>\n\n\n\n<div class=\"wp-block-file\"><a id=\"wp-block-file--media-8965be05-527f-4b18-be16-9785ea480d3a\" href=\"http:\/\/81.170.152.112\/virawp\/wp-content\/uploads\/2025\/10\/SM-regler-2025-1.pdf\">SM-regler-2025<\/a><a href=\"http:\/\/81.170.152.112\/virawp\/wp-content\/uploads\/2025\/10\/SM-regler-2025-1.pdf\" class=\"wp-block-file__button wp-element-button\" download aria-describedby=\"wp-block-file--media-8965be05-527f-4b18-be16-9785ea480d3a\">Ladda ner<\/a><\/div>\n\n\n\n<p> Dessa regler \u00e4r desamma som g\u00e4ller f\u00f6r klubbspel i Link\u00f6pings viras\u00e4llskap med ett undantag: Vid v\u00e5ra t\u00e4vlingar i klubben spelar vi med Tringel 9 som giltigt bud. Detta g\u00e4ller INTE vid SM etc.<\/p>\n\n\n\n<div class=\"wp-block-file alignright\"><a href=\"http:\/\/81.170.152.112\/virawp\/wp-content\/uploads\/2021\/04\/budtabPI.png\">Budtabell<\/a><a href=\"http:\/\/81.170.152.112\/virawp\/wp-content\/uploads\/2021\/04\/budtabPI.png\" class=\"wp-block-file__button wp-element-button\" download>Ladda ner<\/a><\/div>\n\n\n\n<p>Link\u00f6pings Viras\u00e4llskaps budtabell hittar du h\u00e4r.<\/p>\n\n\n\n<p>Vad som skrivits om oss i pressen hittar du <a href=\"http:\/\/81.170.152.112\/virawp\/?page_id=2643\" data-type=\"page\" data-id=\"2643\">h\u00e4r<\/a>.<\/p>\n\n\n\n<p><\/p>\n","protected":false},"excerpt":{"rendered":"<p>Link\u00f6pings Viras\u00e4llskap &#8211; LVS &#8211; grundades 14\/1 2019 med avsikt att ut\u00f6va och fr\u00e4mja Kortspelet Vira. Denna hemsida presenterar publikt \u00f6vergripande information om kortspelet Vira och om Link\u00f6pings Viras\u00e4llskaps aktiviteter. [&hellip;]<\/p>\n","protected":false},"author":1,"featured_media":0,"parent":0,"menu_order":0,"comment_status":"closed","ping_status":"closed","template":"","meta":{"_lmt_disableupdate":"no","_lmt_disable":"","footnotes":""},"class_list":["post-29","page","type-page","status-publish","hentry"],"_links":{"self":[{"href":"http:\/\/81.170.152.112\/virawp\/index.php?rest_route=\/wp\/v2\/pages\/29","targetHints":{"allow":["GET"]}}],"collection":[{"href":"http:\/\/81.170.152.112\/virawp\/index.php?rest_route=\/wp\/v2\/pages"}],"about":[{"href":"http:\/\/81.170.152.112\/virawp\/index.php?rest_route=\/wp\/v2\/types\/page"}],"author":[{"embeddable":true,"href":"http:\/\/81.170.152.112\/virawp\/index.php?rest_route=\/wp\/v2\/users\/1"}],"replies":[{"embeddable":true,"href":"http:\/\/81.170.152.112\/virawp\/index.php?rest_route=%2Fwp%2Fv2%2Fcomments&post=29"}],"version-history":[{"count":133,"href":"http:\/\/81.170.152.112\/virawp\/index.php?rest_route=\/wp\/v2\/pages\/29\/revisions"}],"predecessor-version":[{"id":3506,"href":"http:\/\/81.170.152.112\/virawp\/index.php?rest_route=\/wp\/v2\/pages\/29\/revisions\/3506"}],"wp:attachment":[{"href":"http:\/\/81.170.152.112\/virawp\/index.php?rest_route=%2Fwp%2Fv2%2Fmedia&parent=29"}],"curies":[{"name":"wp","href":"https:\/\/api.w.org\/{rel}","templated":true}]}}