{"id":3417,"date":"2026-03-25T16:34:58","date_gmt":"2026-03-25T15:34:58","guid":{"rendered":"http:\/\/81.170.152.112\/virawp\/?page_id=3417"},"modified":"2026-03-31T14:06:47","modified_gmt":"2026-03-31T12:06:47","slug":"spelanmalan","status":"publish","type":"page","link":"http:\/\/81.170.152.112\/virawp\/?page_id=3417","title":{"rendered":"Spelanm\u00e4lan"},"content":{"rendered":"\n<p>Klicka p\u00e5 &#8217;Anm\u00e4la&#8217; f\u00f6r att anm\u00e4la er (eller &#8217;Avanm\u00e4la&#8217;)<\/p>\n\n\n\n<p>Anv\u00e4nd ett lagom namn som \u00e4r unikt men tydbart f\u00f6r alla, t.ex. Lars N, P\u00e4r, Per, etc-<\/p>\n\n\n\n<p>Uppdatera sidan med snurrpilen f\u00f6r att se korrekt lista.<\/p>\n\n\n\n<p>Anm\u00e4lan st\u00e4ngs 2 timmar innan start.<\/p>\n\n\n\n<p>Mins 3 anm\u00e4lda kr\u00e4vs f\u00f6r spel. Vid 5 anm\u00e4lda kan n\u00e5gon frivillig avanm\u00e4la sig eller ocks\u00e5 spelas det med 2 som sitter ute var  giv. (5 givar per rond)<\/p>\n\n\n\n<p>OBS: Man beh\u00f6ver vara inloggad f\u00f6r att anm\u00e4la sig. Ni som inte har betalat medlemsavgift och allts\u00e5 inte f\u00e5tt n\u00e5got konto att logga in p\u00e5 men \u00e4ndock vill vara med och spela f\u00e5r skicka ett mail t.ex. till Lvsvira@gmail.com s\u00e5 f\u00e5r vi fixa det manuellt. Ett enklare alternativ \u00e4r ju att <a href=\"http:\/\/81.170.152.112\/virawp\/?page_id=2919\" data-type=\"page\" data-id=\"2919\">bli medlem<\/a>!<\/p>\n\n\n\n<div class=\"rtec-outer-wrap\"><h2 class=\"rtec-header\">V3 del 7<\/h2><h3 class=\"rtec-header\"><span class=\"tribe-event-date-start\">april 21 @ 18:00<\/span> - <span class=\"tribe-event-time\">22:00<\/span><\/h3><div class=\"tribe-events-event-meta rtec-event-meta rtec-attendee-list-meta\"><div class=\"tribe-events-meta-group\"><h3 class=\"rtec-section-title\">Anm\u00e4lda<\/h3><div class=\"rtec-attendee-list rtec-list-column-2\"><span class=\"rtec-attendee\">Ulf  <\/span><span class=\"rtec-attendee\">Hannes  <\/span><span class=\"rtec-attendee\">P\u00e4r  <\/span><span class=\"rtec-attendee\">jolon  <\/span><\/div><div class=\"rtec-attendee-list rtec-list-column-2\"><span class=\"rtec-attendee\">Lars Erik  <\/span><span class=\"rtec-attendee\">Klaus  <\/span><span class=\"rtec-attendee\">Anita  <\/span><\/div><\/div><\/div><div class=\"rtec-attendance-display\"><span>Anm\u00e4lda: 7 \/ \u221e<\/span><\/div><div id=\"rtec\" class=\"rtec\" data-event=\"3410\"><p class=\"rtec-success-message tribe-events-notices\">Logga in f\u00f6r att anm\u00e4la dig<\/p><div class=\"rtec-event-meta\"><div class=\"rtec-login-wrap\"><form name=\"loginform\" id=\"loginform\" action=\"http:\/\/81.170.152.112\/virawp\/wp-login.php\" method=\"post\"><p class=\"login-username\">\n\t\t\t\t<label for=\"user_login\">Anv\u00e4ndarnamn eller e-postadress<\/label>\n\t\t\t\t<input type=\"text\" name=\"log\" id=\"user_login\" autocomplete=\"username\" class=\"input\" value=\"\" size=\"20\" \/>\n\t\t\t<\/p><p class=\"login-password\">\n\t\t\t\t<label for=\"user_pass\">L\u00f6senord<\/label>\n\t\t\t\t<input type=\"password\" name=\"pwd\" id=\"user_pass\" autocomplete=\"current-password\" spellcheck=\"false\" class=\"input\" value=\"\" size=\"20\" \/>\n\t\t\t<\/p><p class=\"login-remember\"><label><input name=\"rememberme\" type=\"checkbox\" id=\"rememberme\" value=\"forever\" \/> Kom ih\u00e5g mig<\/label><\/p><p class=\"login-submit\">\n\t\t\t\t<input type=\"submit\" name=\"wp-submit\" id=\"wp-submit\" class=\"button button-primary\" value=\"Logga in\" \/>\n\t\t\t\t<input type=\"hidden\" name=\"redirect_to\" value=\"http:\/\/81.170.152.112\/virawp\/?page_id=3417\" \/>\n\t\t\t<\/p><\/form><\/div><\/div><\/div><\/div>\n\n\n\n<p><\/p>\n","protected":false},"excerpt":{"rendered":"<p>Klicka p\u00e5 &#8217;Anm\u00e4la&#8217; f\u00f6r att anm\u00e4la er (eller &#8217;Avanm\u00e4la&#8217;) Anv\u00e4nd ett lagom namn som \u00e4r unikt men tydbart f\u00f6r alla, t.ex. Lars N, P\u00e4r, Per, etc- Uppdatera sidan med snurrpilen [&hellip;]<\/p>\n","protected":false},"author":6,"featured_media":0,"parent":0,"menu_order":0,"comment_status":"closed","ping_status":"closed","template":"","meta":{"_lmt_disableupdate":"","_lmt_disable":"","footnotes":""},"class_list":["post-3417","page","type-page","status-publish","hentry"],"_links":{"self":[{"href":"http:\/\/81.170.152.112\/virawp\/index.php?rest_route=\/wp\/v2\/pages\/3417","targetHints":{"allow":["GET"]}}],"collection":[{"href":"http:\/\/81.170.152.112\/virawp\/index.php?rest_route=\/wp\/v2\/pages"}],"about":[{"href":"http:\/\/81.170.152.112\/virawp\/index.php?rest_route=\/wp\/v2\/types\/page"}],"author":[{"embeddable":true,"href":"http:\/\/81.170.152.112\/virawp\/index.php?rest_route=\/wp\/v2\/users\/6"}],"replies":[{"embeddable":true,"href":"http:\/\/81.170.152.112\/virawp\/index.php?rest_route=%2Fwp%2Fv2%2Fcomments&post=3417"}],"version-history":[{"count":14,"href":"http:\/\/81.170.152.112\/virawp\/index.php?rest_route=\/wp\/v2\/pages\/3417\/revisions"}],"predecessor-version":[{"id":3437,"href":"http:\/\/81.170.152.112\/virawp\/index.php?rest_route=\/wp\/v2\/pages\/3417\/revisions\/3437"}],"wp:attachment":[{"href":"http:\/\/81.170.152.112\/virawp\/index.php?rest_route=%2Fwp%2Fv2%2Fmedia&parent=3417"}],"curies":[{"name":"wp","href":"https:\/\/api.w.org\/{rel}","templated":true}]}}